{"id":256,"date":"2019-10-11T22:07:19","date_gmt":"2019-10-11T22:07:19","guid":{"rendered":"http:\/\/4mbe.com\/?page_id=256"},"modified":"2026-04-02T11:04:19","modified_gmt":"2026-04-02T10:04:19","slug":"xcc","status":"publish","type":"page","link":"https:\/\/4mbe.com\/fr\/xcc\/","title":{"rendered":"XCC"},"content":{"rendered":"<p>[et_pb_section fb_built=&#8221;1&#8243; module_class=&#8221;activebyte_darken_background&#8221; _builder_version=&#8221;3.27.3&#8243; background_image=&#8221;https:\/\/4mbe.com\/wp-content\/uploads\/2019\/10\/ZWbanner3.jpg&#8221; global_colors_info=&#8221;{}&#8221;][et_pb_row _builder_version=&#8221;3.27.3&#8243; global_colors_info=&#8221;{}&#8221;][et_pb_column type=&#8221;4_4&#8243; _builder_version=&#8221;3.27.3&#8243; global_colors_info=&#8221;{}&#8221;][et_pb_text module_class=&#8221;activebyte_bigtextblock&#8221; _builder_version=&#8221;3.27.4&#8243; header_font=&#8221;|||on|||||&#8221; header_text_align=&#8221;center&#8221; custom_margin=&#8221;||||false|false&#8221; global_colors_info=&#8221;{}&#8221;]<\/p>\n<h1><span style=\"color: #ffffff;\"><strong>XCC<\/strong><\/span><\/h1>\n<p>[\/et_pb_text][\/et_pb_column][\/et_pb_row][\/et_pb_section][et_pb_section fb_built=&#8221;1&#8243; module_class=&#8221;activebyte_bigtitle&#8221; _builder_version=&#8221;3.27.3&#8243; global_colors_info=&#8221;{}&#8221;][et_pb_row _builder_version=&#8221;3.27.3&#8243; custom_padding=&#8221;||10px|||&#8221; global_colors_info=&#8221;{}&#8221;][et_pb_column type=&#8221;4_4&#8243; _builder_version=&#8221;3.27.3&#8243; global_colors_info=&#8221;{}&#8221;][et_pb_text _builder_version=&#8221;3.27.4&#8243; global_colors_info=&#8221;{}&#8221;]<\/p>\n<h3 style=\"text-align: center;\">D\u00c9 CORE BUSINESS VAN 4MBE: HET XCC<\/h3>\n<p style=\"text-align: center;\">I \u00e5r ska vi ge oss ut p\u00e5 \u00e4nnu fler \u00e4ventyr och \u00e5ka till Sverige! <br \/><span style=\"font-size: x-small;\">Dit jaar gaan we voor nog meer avontuur en trekken we naar Zweden!<\/span><\/p>\n<p>[\/et_pb_text][\/et_pb_column][\/et_pb_row][\/et_pb_section][et_pb_section fb_built=&#8221;1&#8243; module_class=&#8221;justify tth2&#8243; _builder_version=&#8221;3.27.3&#8243; global_colors_info=&#8221;{}&#8221;][et_pb_row _builder_version=&#8221;3.27.3&#8243; global_colors_info=&#8221;{}&#8221;][et_pb_column type=&#8221;4_4&#8243; _builder_version=&#8221;3.27.3&#8243; global_colors_info=&#8221;{}&#8221;][et_pb_video src=&#8221;https:\/\/vimeo.com\/1134686490?fl=ip&#038;fe=ec&#8221; _builder_version=&#8221;4.14.8&#8243; _module_preset=&#8221;default&#8221; display_conditions=&#8221;W3siaWQiOiJmMGNlZjJkYy1kMDczLTRiZjktYmU5Mi0xMmM3ZDQzZmRhMTgiLCJjb25kaXRpb24iOiJkYXRlVGltZSIsImNvbmRpdGlvblNldHRpbmdzIjp7ImRpc3BsYXlSdWxlIjoiaXNCZWZvcmUiLCJkYXRlIjoiMjAyNi0wMS0wMSIsInRpbWUiOiIwMDowMCIsIndlZWtkYXlzIjoifCIsImFsbERheSI6Im9uIiwiZnJvbVRpbWUiOiIwMDowMCIsInVudGlsVGltZSI6IjAwOjAwIiwicmVwZWF0Ijoib2ZmIiwicmVwZWF0RnJlcXVlbmN5IjoibW9udGhseSIsInJlcGVhdEZyZXF1ZW5jeVNwZWNpZmljRGF5cyI6IndlZWtseSIsInJlcGVhdEVuZCI6Im5ldmVyIiwicmVwZWF0VW50aWxEYXRlIjoiMjAyNS0xMi0yNyIsInJlcGVhdFRpbWVzIjoiMyIsImFkbWluTGFiZWwiOiJEYXRlICYgVGltZSIsImVuYWJsZUNvbmRpdGlvbiI6Im9uIn0sIm9wZXJhdG9yIjoiT1IifV0=&#8221; global_colors_info=&#8221;{}&#8221;][\/et_pb_video][et_pb_video src=&#8221;https:\/\/vimeo.com\/1149484993&#8243; _builder_version=&#8221;4.14.8&#8243; _module_preset=&#8221;default&#8221; display_conditions=&#8221;W3siaWQiOiJmMGNlZjJkYy1kMDczLTRiZjktYmU5Mi0xMmM3ZDQzZmRhMTgiLCJjb25kaXRpb24iOiJkYXRlVGltZSIsImNvbmRpdGlvblNldHRpbmdzIjp7ImRpc3BsYXlSdWxlIjoiaXNBZnRlciIsImRhdGUiOiIyMDI2LTAxLTAxIiwidGltZSI6IjAwOjAwIiwid2Vla2RheXMiOiJ8IiwiYWxsRGF5Ijoib24iLCJmcm9tVGltZSI6IjAwOjAwIiwidW50aWxUaW1lIjoiMDA6MDAiLCJyZXBlYXQiOiJvZmYiLCJyZXBlYXRGcmVxdWVuY3kiOiJtb250aGx5IiwicmVwZWF0RnJlcXVlbmN5U3BlY2lmaWNEYXlzIjoid2Vla2x5IiwicmVwZWF0RW5kIjoibmV2ZXIiLCJyZXBlYXRVbnRpbERhdGUiOiIyMDI1LTEyLTI3IiwicmVwZWF0VGltZXMiOiIzIiwiYWRtaW5MYWJlbCI6IkRhdGUgJiBUaW1lIiwiZW5hYmxlQ29uZGl0aW9uIjoib24ifSwib3BlcmF0b3IiOiJPUiJ9XQ==&#8221; global_colors_info=&#8221;{}&#8221;][\/et_pb_video][et_pb_text _builder_version=&#8221;4.14.8&#8243; global_colors_info=&#8221;{}&#8221;]<\/p>\n<p>&nbsp;<\/p>\n<div class=\"et_pb_row et_pb_row_1\">\n<div class=\"et_pb_column et_pb_column_4_4 et_pb_column_1  et_pb_css_mix_blend_mode_passthrough et-last-child\">\n<div class=\"et_pb_module et_pb_text et_pb_text_1 et_pb_bg_layout_light  et_pb_text_align_left\">\n<div class=\"et_pb_text_inner\">\n<h2 style=\"text-align: center;\">UTMANA DIG SJ\u00c4LV<\/h2>\n<h4 style=\"text-align: center;\">DAAG JEZELF UIT<\/h4>\n<p style=\"text-align: center;\">Wij organiseren de XCC, de Xtreme Character Challenge.<\/p>\n<p style=\"text-align: center;\">Een uniek avontuur dat lichaam, geest en ziel prikkelt.<\/p>\n<p style=\"text-align: center;\">Buiten in de natuur, waar je je niet kan verbergen.<span style=\"font-size: 14px; text-align: justify;\">\u00a0<\/span><\/p>\n<\/div>\n<\/div>\n<\/div>\n<\/div>\n<div class=\"et_pb_row et_pb_row_2\" style=\"text-align: center;\">\n<div class=\"et_pb_column et_pb_column_4_4 et_pb_column_2  et_pb_css_mix_blend_mode_passthrough et-last-child\">\n<div class=\"et_pb_module et_pb_text et_pb_text_2 et_pb_bg_layout_light  et_pb_text_align_left\">\n<div class=\"et_pb_text_inner\">\n<p style=\"text-align: center;\">De XCC is niet gewoon een fysieke uitdaging, maar zoveel meer.<br \/>Wereldwijd gingen duizenden mannen je voor tijdens het levensveranderende XCC.<\/p>\n<p style=\"text-align: center;\">Een Xtreme Character Challenge heeft niets te maken met macho zijn.<br \/>Het heeft niets te maken met jezelf bewijzen voor anderen.<br \/>Het gaat over jou, om te ontdekken wie je bent.<br \/>Het gaat over het vinden van kracht en hoop.<\/p>\n<p style=\"text-align: center;\">Want de 2 belangrijkste dagen in het leven van de man zijn<br \/>de dag waarop hij geboren werd<br \/>en de dag waarop hij ontdekt waarom.<\/p>\n<\/div>\n<\/div>\n<\/div>\n<\/div>\n<p>[\/et_pb_text][et_pb_text disabled_on=&#8221;off|off|off&#8221; _builder_version=&#8221;4.14.8&#8243; custom_margin=&#8221;||0px||false|false&#8221; custom_padding=&#8221;||0px||false|false&#8221; global_colors_info=&#8221;{}&#8221;]<\/p>\n<p style=\"text-align: center;\">Deze 8e editie neemt je mee op een avontuur in Zweden van 15 tot 19 april 2026.<\/p>\n<p style=\"text-align: center;\"><span style=\"text-align: center;\"><\/span><\/p>\n<p>[\/et_pb_text][et_pb_text disabled_on=&#8221;off|off|off&#8221; _builder_version=&#8221;4.14.8&#8243; display_conditions=&#8221;W3siaWQiOiJlYTkzMzdlZS00NGVlLTQxYWUtYTJmOC1mZDZjOWMzZjI1NDkiLCJjb25kaXRpb24iOiJkYXRlVGltZSIsImNvbmRpdGlvblNldHRpbmdzIjp7ImRpc3BsYXlSdWxlIjoiaXNCZWZvcmUiLCJkYXRlIjoiMjAyNi00LTIiLCJ0aW1lIjoiMTI6MDAiLCJ3ZWVrZGF5cyI6InwiLCJhbGxEYXkiOiJvbiIsImZyb21UaW1lIjoiMDA6MDAiLCJ1bnRpbFRpbWUiOiIwMDowMCIsInJlcGVhdCI6Im9mZiIsInJlcGVhdEZyZXF1ZW5jeSI6Im1vbnRobHkiLCJyZXBlYXRGcmVxdWVuY3lTcGVjaWZpY0RheXMiOiJ3ZWVrbHkiLCJyZXBlYXRFbmQiOiJuZXZlciIsInJlcGVhdFVudGlsRGF0ZSI6IjIwMjYtNC0yIiwicmVwZWF0VGltZXMiOiIzIiwiYWRtaW5MYWJlbCI6IkRhdGUgJiBUaW1lIiwiZW5hYmxlQ29uZGl0aW9uIjoib24ifSwib3BlcmF0b3IiOiJPUiJ9XQ==&#8221; global_colors_info=&#8221;{}&#8221;]<\/p>\n<p style=\"text-align: center;\">(noteer zeker ook de startavond (1 april) en terugkomavond (23 mei))<\/p>\n<p style=\"text-align: center;\"><span style=\"text-align: center;\"><\/span><\/p>\n<p>[\/et_pb_text][et_pb_text disabled_on=&#8221;off|off|off&#8221; _builder_version=&#8221;4.14.8&#8243; display_conditions=&#8221;W10=&#8221; hover_enabled=&#8221;0&#8243; global_colors_info=&#8221;{}&#8221; sticky_enabled=&#8221;0&#8243;]<\/p>\n<p style=\"text-align: center;\">Inschrijven is niet meer mogelijk.<\/p>\n<p>[\/et_pb_text][\/et_pb_column][\/et_pb_row][\/et_pb_section][et_pb_section fb_built=&#8221;1&#8243; _builder_version=&#8221;4.14.8&#8243; global_colors_info=&#8221;{}&#8221;][et_pb_row _builder_version=&#8221;3.27.3&#8243; global_colors_info=&#8221;{}&#8221;][et_pb_column type=&#8221;4_4&#8243; _builder_version=&#8221;3.27.3&#8243; global_colors_info=&#8221;{}&#8221;][et_pb_countdown_timer title=&#8221;XCC 2026 &#8211;  15-19 april 2026&#8243; date_time=&#8221;2026-04-15 21:00&#8243; _builder_version=&#8221;4.14.8&#8243; header_font_size=&#8221;48px&#8221; header_line_height=&#8221;1.3em&#8221; separator_font_size=&#8221;48px&#8221; label_text_color=&#8221;#e02b20&#8243; label_font_size=&#8221;1px&#8221; background_color=&#8221;#e02b20&#8243; global_colors_info=&#8221;{}&#8221;][\/et_pb_countdown_timer][\/et_pb_column][\/et_pb_row][\/et_pb_section][et_pb_section fb_built=&#8221;1&#8243; _builder_version=&#8221;4.14.8&#8243; global_colors_info=&#8221;{}&#8221;][et_pb_row _builder_version=&#8221;4.14.8&#8243; global_colors_info=&#8221;{}&#8221;][et_pb_column type=&#8221;4_4&#8243; _builder_version=&#8221;3.27.3&#8243; global_colors_info=&#8221;{}&#8221;][et_pb_text _builder_version=&#8221;3.27.4&#8243; global_colors_info=&#8221;{}&#8221;]<\/p>\n<h2>Check hieronder de terugblik van XCC22 in Luxemburg<\/h2>\n<p>[\/et_pb_text][\/et_pb_column][\/et_pb_row][et_pb_row _builder_version=&#8221;3.27.3&#8243; global_colors_info=&#8221;{}&#8221;][et_pb_column type=&#8221;4_4&#8243; _builder_version=&#8221;3.27.3&#8243; global_colors_info=&#8221;{}&#8221;][et_pb_video src=&#8221;https:\/\/4mbe.com\/wp-content\/uploads\/2022\/04\/FINAAL-MET-LOGOs.mp4&#8243; thumbnail_overlay_color=&#8221;rgba(0,0,0,0.6)&#8221; _builder_version=&#8221;3.27.3&#8243; global_colors_info=&#8221;{}&#8221;][\/et_pb_video][\/et_pb_column][\/et_pb_row][\/et_pb_section]<\/p>\n","protected":false},"excerpt":{"rendered":"<p>XCCD\u00c9 CORE BUSINESS VAN 4MBE: HET XCC I \u00e5r ska vi ge oss ut p\u00e5 \u00e4nnu fler \u00e4ventyr och \u00e5ka till Sverige! Dit jaar gaan we voor nog meer avontuur en trekken we naar Zweden!&nbsp; UTMANA DIG SJ\u00c4LV DAAG JEZELF UIT Wij organiseren de XCC, de Xtreme Character Challenge. Een uniek avontuur dat lichaam, geest [&hellip;]<\/p>\n","protected":false},"author":1,"featured_media":0,"parent":0,"menu_order":0,"comment_status":"closed","ping_status":"closed","template":"","meta":{"_et_pb_use_builder":"on","_et_pb_old_content":"<!-- wp:divi\/placeholder \/-->","_et_gb_content_width":"","footnotes":""},"yst_prominent_words":[87,57,65],"class_list":["post-256","page","type-page","status-publish","hentry"],"acf":[],"_links":{"self":[{"href":"https:\/\/4mbe.com\/fr\/wp-json\/wp\/v2\/pages\/256","targetHints":{"allow":["GET"]}}],"collection":[{"href":"https:\/\/4mbe.com\/fr\/wp-json\/wp\/v2\/pages"}],"about":[{"href":"https:\/\/4mbe.com\/fr\/wp-json\/wp\/v2\/types\/page"}],"author":[{"embeddable":true,"href":"https:\/\/4mbe.com\/fr\/wp-json\/wp\/v2\/users\/1"}],"replies":[{"embeddable":true,"href":"https:\/\/4mbe.com\/fr\/wp-json\/wp\/v2\/comments?post=256"}],"version-history":[{"count":72,"href":"https:\/\/4mbe.com\/fr\/wp-json\/wp\/v2\/pages\/256\/revisions"}],"predecessor-version":[{"id":3182,"href":"https:\/\/4mbe.com\/fr\/wp-json\/wp\/v2\/pages\/256\/revisions\/3182"}],"wp:attachment":[{"href":"https:\/\/4mbe.com\/fr\/wp-json\/wp\/v2\/media?parent=256"}],"wp:term":[{"taxonomy":"yst_prominent_words","embeddable":true,"href":"https:\/\/4mbe.com\/fr\/wp-json\/wp\/v2\/yst_prominent_words?post=256"}],"curies":[{"name":"wp","href":"https:\/\/api.w.org\/{rel}","templated":true}]}}